{"id":531,"date":"2019-02-03T19:53:16","date_gmt":"2019-02-03T18:53:16","guid":{"rendered":"http:\/\/fliegerclubmuenchen.org\/?page_id=531"},"modified":"2019-04-12T13:04:43","modified_gmt":"2019-04-12T11:04:43","slug":"schnupperfluege","status":"publish","type":"page","link":"https:\/\/fliegerclubmuenchen.org\/?page_id=531","title":{"rendered":"Schnupperfl\u00fcge \/ Mitfluggelegenheiten"},"content":{"rendered":"\n<p>Sie sind sich nicht sicher, ob Ihnen das Verlassen des sicheren Erdbodens Spass machen kann? Dann gibt es nur eines: Ausprobieren! Wir arrangieren mit Ihnen gemeinsam einen Rundflug oder Sie fliegen einfach in Absprache mit einem unserer Piloten auf einem freien Platz mit. Mit einem kurzen Flug erreichen Sie den Chiemsee, zum Wilden Kaiser und zur\u00fcck dauert es eine gute Stunde.<br> <br>Mit unseren erfahrenen Piloten haben Sie die M\u00f6glichkeit die dritte Dimension zu genie\u00dfen und die Welt von oben zu bewundern. Der Flug wird ganz nach Ihren W\u00fcnschen gestaltet und Sie werden, wie viele vor Ihnen, begeistert sein.  <strong>Strahlende Sonne erleichtert Ihre Entscheidung!<\/strong><br> \u00a0<\/p>\n\n\n\n<p>Ein Schnupperflug eignet sich hervorragend als Geschenk zu Geburtstagen und anderen Familenfesten!<\/p>\n\n\n\n<p>Interessiert: Rufen Sie unser B\u00fcro an: 089 611 5093 und vereinbaren Sie Termin, Route, Kosten und sonstige Details.<\/p>\n","protected":false},"excerpt":{"rendered":"<p>Sie sind sich nicht sicher, ob Ihnen das Verlassen des sicheren Erdbodens Spass machen kann? Dann gibt es nur eines: Ausprobieren! Wir arrangieren mit Ihnen gemeinsam einen Rundflug oder Sie fliegen einfach in Absprache mit einem unserer Piloten auf einem freien Platz mit. Mit einem kurzen Flug erreichen Sie den Chiemsee, zum Wilden Kaiser und &hellip; <\/p>\n<p class=\"read-more\"><a class=\"btn btn-default\" href=\"https:\/\/fliegerclubmuenchen.org\/?page_id=531\"> Read More<span class=\"screen-reader-text\">  Read More<\/span><\/a><\/p>\n","protected":false},"author":1,"featured_media":0,"parent":0,"menu_order":0,"comment_status":"closed","ping_status":"closed","template":"","meta":{"footnotes":""},"class_list":["post-531","page","type-page","status-publish","hentry"],"_links":{"self":[{"href":"https:\/\/fliegerclubmuenchen.org\/index.php?rest_route=\/wp\/v2\/pages\/531","targetHints":{"allow":["GET"]}}],"collection":[{"href":"https:\/\/fliegerclubmuenchen.org\/index.php?rest_route=\/wp\/v2\/pages"}],"about":[{"href":"https:\/\/fliegerclubmuenchen.org\/index.php?rest_route=\/wp\/v2\/types\/page"}],"author":[{"embeddable":true,"href":"https:\/\/fliegerclubmuenchen.org\/index.php?rest_route=\/wp\/v2\/users\/1"}],"replies":[{"embeddable":true,"href":"https:\/\/fliegerclubmuenchen.org\/index.php?rest_route=%2Fwp%2Fv2%2Fcomments&post=531"}],"version-history":[{"count":6,"href":"https:\/\/fliegerclubmuenchen.org\/index.php?rest_route=\/wp\/v2\/pages\/531\/revisions"}],"predecessor-version":[{"id":805,"href":"https:\/\/fliegerclubmuenchen.org\/index.php?rest_route=\/wp\/v2\/pages\/531\/revisions\/805"}],"wp:attachment":[{"href":"https:\/\/fliegerclubmuenchen.org\/index.php?rest_route=%2Fwp%2Fv2%2Fmedia&parent=531"}],"curies":[{"name":"wp","href":"https:\/\/api.w.org\/{rel}","templated":true}]}}