{"id":526,"date":"2019-02-03T19:51:24","date_gmt":"2019-02-03T18:51:24","guid":{"rendered":"http:\/\/fliegerclubmuenchen.org\/?page_id=526"},"modified":"2019-03-09T19:30:20","modified_gmt":"2019-03-09T18:30:20","slug":"fcm-geschichte","status":"publish","type":"page","link":"https:\/\/fliegerclubmuenchen.org\/?page_id=526","title":{"rendered":"FCM  Geschichte  (noch in Arbeit)"},"content":{"rendered":"\n<p><\/p>\n\n\n\n<p><\/p>\n\n\n\n<h3 class=\"wp-block-heading\">Flugplatz Oberwiesenfeld<\/h3>\n\n\n\n<p>Fotos \/ Lageplan<br><\/p>\n\n\n\n<h3 class=\"wp-block-heading\">Flugplatz Neubiberg <br>             <\/h3>\n\n\n\n<p>Fotos \/ Lageplan<br>             <\/p>\n\n\n\n<p><br>             <br><\/p>\n\n\n\n<h3 class=\"wp-block-heading\">Der Betrieb in F\u00fcrsty<\/h3>\n\n\n\n<p>Fotos  \/ Lageplan<\/p>\n\n\n\n<p>Unser Konzept, unterst\u00fctzt von IHK und AOPA, h\u00e4tte beides erreichen k\u00f6nnen, w\u00e4hrend heute, \u00fcber 8 Jahre sp\u00e4ter, die Fl\u00e4che <br>dagegen w\u00fcrde, wie in mehreren Gutachten nachgewiesen, nicht nur ein wichtiges Infrastrukturelement f\u00fcr die Regionen M\u00fcnchen und Oberbayern bedeuten, sondern er k\u00f6nnte auch ohne \u00f6ffentliche Zusch\u00fcsse betrieben werden und w\u00fcrde innerhalb von 5 Jahren 600 oder mehr Arbeitspl\u00e4tze im wirtschaftlich schw\u00e4chsten Teil der Region schaffen. Und dies bei vollem Erhalt der Natur, die sich in \u00fcber 70 Jahren milit\u00e4rischem Flugbetrieb auf dem Gel\u00e4nde entwickleln konnte.<\/p>\n\n\n\n<p>Seither bleibt uns nur der langwierige und teure Marsch durch alle Gerichtsinstanzen, um zu einem f\u00fcr einen Ballungsraum mit 2,5 Mio Einwohnern ausreichenden Anschluss f\u00fcr die Allgemeine Luftfahrt zu kommen. Der FCM<br>arbeitet gemeinsam mit der AOPA Germany an diesem Ziel.<\/p>\n\n\n\n<p>Bis auf weiteres k\u00f6nnen wir unseren Mitgliedern deshalb leider nur einen sehr eingeschr\u00e4nkten Betrieb anbieten.&nbsp; Trotzdem bieten wir f\u00fcr Piloten-Anf\u00e4nger die Gelegenheit zum Durchstarten mit einer g\u00fcnstigen Flugschule und f\u00fcr erfahrene Piloten, die M\u00f6glichkeit, vielleicht doch noch \u00fcber den FCM an einer L\u00f6sung f\u00fcr<br>die Allgemeine Luftfahrt im Raum M\u00fcnchen beteiligt zu sein.<\/p>\n\n\n\n<p>Das Betriebskonzept basiert auf Terminen&nbsp; entsprechend unseren Planungen von Anfang 2008. Diese Termine basieren auf den Angaben, die wir im laufenden Genehmigungsverfahren gemacht haben. Verursacht durch die Verz\u00f6gerungstaktik der Beh\u00f6rden sind alle genannten Termine \u00fcberholt und werden aktualisiert, sobald wieder eine verl\u00e4\u00dfliche Planung m\u00f6glich ist.<br>Wir bedauern, dass ausgerechnet das bayerische Wirtschaftsministerium mit seiner Haltung jeden Investor abschreckt.<\/p>\n\n\n\n<p><\/p>\n","protected":false},"excerpt":{"rendered":"<p>Flugplatz Oberwiesenfeld Fotos \/ Lageplan Flugplatz Neubiberg Fotos \/ Lageplan Der Betrieb in F\u00fcrsty Fotos \/ Lageplan Unser Konzept, unterst\u00fctzt von IHK und AOPA, h\u00e4tte beides erreichen k\u00f6nnen, w\u00e4hrend heute, \u00fcber 8 Jahre sp\u00e4ter, die Fl\u00e4che dagegen w\u00fcrde, wie in mehreren Gutachten nachgewiesen, nicht nur ein wichtiges Infrastrukturelement f\u00fcr die Regionen M\u00fcnchen und Oberbayern bedeuten, &hellip; <\/p>\n<p class=\"read-more\"><a class=\"btn btn-default\" href=\"https:\/\/fliegerclubmuenchen.org\/?page_id=526\"> Read More<span class=\"screen-reader-text\">  Read More<\/span><\/a><\/p>\n","protected":false},"author":1,"featured_media":0,"parent":0,"menu_order":0,"comment_status":"closed","ping_status":"closed","template":"","meta":{"footnotes":""},"class_list":["post-526","page","type-page","status-publish","hentry"],"_links":{"self":[{"href":"https:\/\/fliegerclubmuenchen.org\/index.php?rest_route=\/wp\/v2\/pages\/526","targetHints":{"allow":["GET"]}}],"collection":[{"href":"https:\/\/fliegerclubmuenchen.org\/index.php?rest_route=\/wp\/v2\/pages"}],"about":[{"href":"https:\/\/fliegerclubmuenchen.org\/index.php?rest_route=\/wp\/v2\/types\/page"}],"author":[{"embeddable":true,"href":"https:\/\/fliegerclubmuenchen.org\/index.php?rest_route=\/wp\/v2\/users\/1"}],"replies":[{"embeddable":true,"href":"https:\/\/fliegerclubmuenchen.org\/index.php?rest_route=%2Fwp%2Fv2%2Fcomments&post=526"}],"version-history":[{"count":6,"href":"https:\/\/fliegerclubmuenchen.org\/index.php?rest_route=\/wp\/v2\/pages\/526\/revisions"}],"predecessor-version":[{"id":754,"href":"https:\/\/fliegerclubmuenchen.org\/index.php?rest_route=\/wp\/v2\/pages\/526\/revisions\/754"}],"wp:attachment":[{"href":"https:\/\/fliegerclubmuenchen.org\/index.php?rest_route=%2Fwp%2Fv2%2Fmedia&parent=526"}],"curies":[{"name":"wp","href":"https:\/\/api.w.org\/{rel}","templated":true}]}}