{"id":28,"date":"2018-04-18T15:53:49","date_gmt":"2018-04-18T13:53:49","guid":{"rendered":"http:\/\/fliegerclubmuenchen.org\/?page_id=28"},"modified":"2019-02-03T18:28:45","modified_gmt":"2019-02-03T17:28:45","slug":"benutzerregistrierung","status":"publish","type":"page","link":"https:\/\/fliegerclubmuenchen.org\/?page_id=28","title":{"rendered":"Benutzerregistrierung"},"content":{"rendered":"<div id=\"wpmem_reg\"><a id=\"register\"><\/a><form name=\"form\" method=\"post\" action=\"https:\/\/fliegerclubmuenchen.org\/?page_id=28\" id=\"wpmem_register_form\" class=\"form\"><input type=\"hidden\" id=\"_wpmem_register_nonce\" name=\"_wpmem_register_nonce\" value=\"657ba264d1\" \/><input type=\"hidden\" name=\"_wp_http_referer\" value=\"\/index.php?rest_route=%2Fwp%2Fv2%2Fpages%2F28\" \/><fieldset><legend>Registrieren<\/legend><label for=\"username\" class=\"text\">Einen Benutzernamen ausw\u00e4hlen<span class=\"req\">*<\/span><\/label><div class=\"div_text\"><input name=\"username\" type=\"text\" id=\"username\" value=\"\" class=\"textbox\" required  \/><\/div><label for=\"first_name\" class=\"text\">Vorname<span class=\"req\">*<\/span><\/label><div class=\"div_text\"><input name=\"first_name\" type=\"text\" id=\"first_name\" value=\"\" class=\"textbox\" required  \/><\/div><label for=\"last_name\" class=\"text\">Nachname<span class=\"req\">*<\/span><\/label><div class=\"div_text\"><input name=\"last_name\" type=\"text\" id=\"last_name\" value=\"\" class=\"textbox\" required  \/><\/div><label for=\"addr1\" class=\"text\">Adresszeile 1<\/label><div class=\"div_text\"><input name=\"addr1\" type=\"text\" id=\"addr1\" value=\"\" class=\"textbox\" \/><\/div><label for=\"addr2\" class=\"text\">Adresszeile 2<\/label><div class=\"div_text\"><input name=\"addr2\" type=\"text\" id=\"addr2\" value=\"\" class=\"textbox\" \/><\/div><label for=\"city\" class=\"text\">Stadt<\/label><div class=\"div_text\"><input name=\"city\" type=\"text\" id=\"city\" value=\"\" class=\"textbox\" \/><\/div><label for=\"thestate\" class=\"text\">Bundesland<\/label><div class=\"div_text\"><input name=\"thestate\" type=\"text\" id=\"thestate\" value=\"\" class=\"textbox\" \/><\/div><label for=\"zip\" class=\"text\">PLZ<\/label><div class=\"div_text\"><input name=\"zip\" type=\"text\" id=\"zip\" value=\"\" class=\"textbox\" \/><\/div><label for=\"country\" class=\"text\">Land<\/label><div class=\"div_text\"><input name=\"country\" type=\"text\" id=\"country\" value=\"\" class=\"textbox\" \/><\/div><label for=\"phone1\" class=\"text\">Telefon tags\u00fcber<\/label><div class=\"div_text\"><input name=\"phone1\" type=\"text\" id=\"phone1\" value=\"\" class=\"textbox\" \/><\/div><label for=\"user_email\" class=\"text\">E-Mail<span class=\"req\">*<\/span><\/label><div class=\"div_text\"><input name=\"user_email\" type=\"email\" id=\"user_email\" value=\"\" class=\"textbox\" required  \/><\/div><label for=\"hours_booked\" class=\"select\">Gebuchtes Stundenkontingent<span class=\"req\">*<\/span><\/label><div class=\"div_select\"><select name=\"hours_booked\" id=\"hours_booked\" class=\"dropdown\" required ><option value=\"\">---- Bitte eine Option W\u00e4hlen ----<\/option><option value=\"0\">keines<\/option><option value=\"5\">5 Stunden<\/option><option value=\"10\">10 Stunden<\/option><option value=\"15\">15 Stunden<\/option><\/select><\/div><div class=\"clear\"><\/div><div class=\"captcha\"><script src=\"https:\/\/www.google.com\/recaptcha\/api.js\" async defer><\/script><div class=\"g-recaptcha\" data-sitekey=\"6LcEIYIUAAAAAAMhBu7jOqGlhWM47UEnQcU5hOTO\"><\/div><\/div><input name=\"a\" type=\"hidden\" value=\"register\" \/><input name=\"wpmem_reg_page\" type=\"hidden\" value=\"https:\/\/fliegerclubmuenchen.org\/?page_id=28\" \/><div class=\"button_div\"><input name=\"submit\" type=\"submit\" value=\"Registrieren\" class=\"buttons\" \/><\/div><div class=\"req-text\"><span class=\"req\">*<\/span>Pflichtfeld<\/div><\/fieldset><\/form><\/div>\n\n\n<p>Hier registrieren sich Unterst\u00fctzer und Mitglieder. Unsere Web-Administration pr\u00fcft Ihre Angaben und gibt in der Regel <\/p>\n\n\n\n<p>Bitte geben Sie alle Daten in unser Registrierungsformular sorgf\u00e4ltig ein, insbesondere Ihre Email-Adresse, damit wir Ihre Registrierung best\u00e4tigen k\u00f6nnen.<\/p>\n","protected":false},"excerpt":{"rendered":"<p>Hier registrieren sich Unterst\u00fctzer und Mitglieder. Unsere Web-Administration pr\u00fcft Ihre Angaben und gibt in der Regel Bitte geben Sie alle Daten in unser Registrierungsformular sorgf\u00e4ltig ein, insbesondere Ihre Email-Adresse, damit wir Ihre Registrierung best\u00e4tigen k\u00f6nnen.<\/p>\n","protected":false},"author":1,"featured_media":0,"parent":31,"menu_order":0,"comment_status":"closed","ping_status":"closed","template":"","meta":{"footnotes":""},"class_list":["post-28","page","type-page","status-publish","hentry"],"_links":{"self":[{"href":"https:\/\/fliegerclubmuenchen.org\/index.php?rest_route=\/wp\/v2\/pages\/28","targetHints":{"allow":["GET"]}}],"collection":[{"href":"https:\/\/fliegerclubmuenchen.org\/index.php?rest_route=\/wp\/v2\/pages"}],"about":[{"href":"https:\/\/fliegerclubmuenchen.org\/index.php?rest_route=\/wp\/v2\/types\/page"}],"author":[{"embeddable":true,"href":"https:\/\/fliegerclubmuenchen.org\/index.php?rest_route=\/wp\/v2\/users\/1"}],"replies":[{"embeddable":true,"href":"https:\/\/fliegerclubmuenchen.org\/index.php?rest_route=%2Fwp%2Fv2%2Fcomments&post=28"}],"version-history":[{"count":3,"href":"https:\/\/fliegerclubmuenchen.org\/index.php?rest_route=\/wp\/v2\/pages\/28\/revisions"}],"predecessor-version":[{"id":480,"href":"https:\/\/fliegerclubmuenchen.org\/index.php?rest_route=\/wp\/v2\/pages\/28\/revisions\/480"}],"up":[{"embeddable":true,"href":"https:\/\/fliegerclubmuenchen.org\/index.php?rest_route=\/wp\/v2\/pages\/31"}],"wp:attachment":[{"href":"https:\/\/fliegerclubmuenchen.org\/index.php?rest_route=%2Fwp%2Fv2%2Fmedia&parent=28"}],"curies":[{"name":"wp","href":"https:\/\/api.w.org\/{rel}","templated":true}]}}