{"id":23,"date":"2018-04-18T15:50:46","date_gmt":"2018-04-18T13:50:46","guid":{"rendered":"http:\/\/fliegerclubmuenchen.org\/?page_id=23"},"modified":"2019-02-27T09:00:01","modified_gmt":"2019-02-27T08:00:01","slug":"flugzeuge","status":"publish","type":"page","link":"https:\/\/fliegerclubmuenchen.org\/?page_id=23","title":{"rendered":"Flugzeugdaten"},"content":{"rendered":"<h2>Vereinsflugzeuge<\/h2>\n<p>Der Fliegerclub M\u00fcnchen e.V. betreibt zur Zeit ein Flugzeug, das f\u00fcr Charter und Schulung bereitsteht (Abrechnung nach reinen Flugminuten).<\/p>\n<p>Kennzeichen: D-EJWB,&nbsp; Standort M\u00fchldorf \/ EDMY)<\/p>\n<p>Der Kauf eines weiteren Flugzeugs ist geplant.<\/p>\n<p>Viersitziges Ganzmetallflugzeuge<br \/>\nBaujahr 1989<br \/>\nAusr\u00fcstung: CVFR, Intercom<\/p>\n<p>Motor: Lycoming O-320, 118 kW (160 PS) bei 2700 U\/min<br \/>\nLeermasse: 670 kg<br \/>\nH\u00f6chstabflugmasse: 1058 kg<br \/>\nMindestgeschwindigkeit: 43 kts (80 km\/h)<br \/>\nReisegeschwindigkeit bei 65% Leistung: 105 kts (195 km\/h)<br \/>\nH\u00f6chstflugdauer ca. 5,4 h bei 65% Leistung<\/p>\n<p>Maximale Reichweite (mit 30 Minuten Reserve, ohne Wind) ca. 600 km<\/p>\n<table style=\"height: 54px;\" width=\"5\">\n<tbody>\n<tr>\n<td><\/td>\n<\/tr>\n<\/tbody>\n<\/table>\n","protected":false},"excerpt":{"rendered":"<p>Vereinsflugzeuge Der Fliegerclub M\u00fcnchen e.V. betreibt zur Zeit ein Flugzeug, das f\u00fcr Charter und Schulung bereitsteht (Abrechnung nach reinen Flugminuten). Kennzeichen: D-EJWB,&nbsp; Standort M\u00fchldorf \/ EDMY) Der Kauf eines weiteren Flugzeugs ist geplant. Viersitziges Ganzmetallflugzeuge Baujahr 1989 Ausr\u00fcstung: CVFR, Intercom Motor: Lycoming O-320, 118 kW (160 PS) bei 2700 U\/min Leermasse: 670 kg H\u00f6chstabflugmasse: 1058 &hellip; <\/p>\n<p class=\"read-more\"><a class=\"btn btn-default\" href=\"https:\/\/fliegerclubmuenchen.org\/?page_id=23\"> Read More<span class=\"screen-reader-text\">  Read More<\/span><\/a><\/p>\n","protected":false},"author":1,"featured_media":0,"parent":31,"menu_order":0,"comment_status":"closed","ping_status":"closed","template":"","meta":{"footnotes":""},"class_list":["post-23","page","type-page","status-publish","hentry"],"_links":{"self":[{"href":"https:\/\/fliegerclubmuenchen.org\/index.php?rest_route=\/wp\/v2\/pages\/23","targetHints":{"allow":["GET"]}}],"collection":[{"href":"https:\/\/fliegerclubmuenchen.org\/index.php?rest_route=\/wp\/v2\/pages"}],"about":[{"href":"https:\/\/fliegerclubmuenchen.org\/index.php?rest_route=\/wp\/v2\/types\/page"}],"author":[{"embeddable":true,"href":"https:\/\/fliegerclubmuenchen.org\/index.php?rest_route=\/wp\/v2\/users\/1"}],"replies":[{"embeddable":true,"href":"https:\/\/fliegerclubmuenchen.org\/index.php?rest_route=%2Fwp%2Fv2%2Fcomments&post=23"}],"version-history":[{"count":8,"href":"https:\/\/fliegerclubmuenchen.org\/index.php?rest_route=\/wp\/v2\/pages\/23\/revisions"}],"predecessor-version":[{"id":724,"href":"https:\/\/fliegerclubmuenchen.org\/index.php?rest_route=\/wp\/v2\/pages\/23\/revisions\/724"}],"up":[{"embeddable":true,"href":"https:\/\/fliegerclubmuenchen.org\/index.php?rest_route=\/wp\/v2\/pages\/31"}],"wp:attachment":[{"href":"https:\/\/fliegerclubmuenchen.org\/index.php?rest_route=%2Fwp%2Fv2%2Fmedia&parent=23"}],"curies":[{"name":"wp","href":"https:\/\/api.w.org\/{rel}","templated":true}]}}